{"id":290,"date":"2015-10-25T02:14:11","date_gmt":"2015-10-25T00:14:11","guid":{"rendered":"http:\/\/neu.alitania.de\/?page_id=290"},"modified":"2024-04-11T19:51:40","modified_gmt":"2024-04-11T17:51:40","slug":"impressum","status":"publish","type":"page","link":"http:\/\/www.alitania.de\/ru\/kontakt\/impressum\/","title":{"rendered":"Impressum"},"content":{"rendered":"<div class=\"fusion-fullwidth fullwidth-box hundred-percent-fullwidth non-hundred-percent-height-scrolling\"  style='background-color: rgba(255,255,255,0);background-position: center center;background-repeat: no-repeat;padding-top:0px;padding-right:0px;padding-bottom:0px;padding-left:0px;border-top-width:0px;border-bottom-width:0px;border-color:#eae9e9;border-top-style:solid;border-bottom-style:solid;'><div class=\"fusion-builder-row fusion-row \"><div  class=\"fusion-layout-column fusion_builder_column fusion_builder_column_1_2 fusion-builder-column-1 fusion-one-half fusion-column-first 1_2\"  style='margin-top:0px;margin-bottom:20px;width:48%; margin-right: 4%;'>\n\t\t\t\t\t<div class=\"fusion-column-wrapper\" style=\"background-position:left top;background-repeat:no-repeat;-webkit-background-size:cover;-moz-background-size:cover;-o-background-size:cover;background-size:cover;\"   data-bg-url=\"\">\n\t\t\t\t\t\t<div class=\"fusion-text\"><p><strong>Angaben gem\u00e4\u00df \u00a7 5 TMG:<\/strong><br \/>\nAlitania GmbH<br \/>\nMarlene-Dietrich-Platz 3<br \/>\n10785 Berlin<\/p>\n<p><strong>vertreten durch den Gesch\u00e4ftsf\u00fchrer<\/strong><br \/>\nHerrn M. Ali Itani<\/p>\n<p><strong>Kontakt:<\/strong><br \/>\nTelefon: +49 (0) 30 25 29 36 37<br \/>\nTelefax: +49 (0) 30 25 29 68 13<br \/>\nE-Mail:\u00a0<a class=\"mailto\" href=\"mailto:info@alitania.de\">info@alitania.de<\/a><\/p>\n<p><strong>Verantwortlich f\u00fcr den Inhalt nach \u00a7 55 Abs. 2 RStV:<\/strong><br \/>\nGF der Alitania GmbH<br \/>\nMarlene-Dietrich-Platz 3<br \/>\n10785 Berlin<\/p>\n<p><strong>Bildnachweis:<\/strong><br \/>\ncopyright Fotograf Vincent Mosch<br \/>\nwww.vincent.mosch.berlin | www.architekturfotos.berlin<\/p>\n<\/div><div class=\"fusion-clearfix\"><\/div>\n\n\t\t\t\t\t<\/div>\n\t\t\t\t<\/div><div  class=\"fusion-layout-column fusion_builder_column fusion_builder_column_1_2 fusion-builder-column-2 fusion-one-half fusion-column-last 1_2\"  style='margin-top:0px;margin-bottom:20px;width:48%'>\n\t\t\t\t\t<div class=\"fusion-column-wrapper\" style=\"background-position:left top;background-repeat:no-repeat;-webkit-background-size:cover;-moz-background-size:cover;-o-background-size:cover;background-size:cover;\"   data-bg-url=\"\">\n\t\t\t\t\t\t<div class=\"fusion-text\"><p><strong>Registereintrag:<\/strong><br \/>\nAmtsgericht Charlottenburg, HRB 76287<\/p>\n<p><strong>Umsatzsteuer-Identifikationsnummer gem\u00e4\u00df \u00a727 a Umsatzsteuergesetz:<\/strong><br \/>\nDE 209583370<\/p>\n<p><strong>Logo der ALITANIA :<\/strong><br \/>\nEingetragen als Bildmarke, \u00a0Register-Nr. 302008031634. DPMA<\/p>\n<p><strong>Aufsichtsbeh\u00f6rde f\u00fcr den Gesch\u00e4ftsbereich \u00b4Real Estate\u00b4:<\/strong><br \/>\nErlaubnis nach \u00a7 34c der Gewerbeordnung durch das Bezirksamt Mitte von Berlin, Abt. Wirtschaft und Immobilien, vom 25.07.2006<\/p>\n<\/div><div class=\"fusion-clearfix\"><\/div>\n\n\t\t\t\t\t<\/div>\n\t\t\t\t<\/div><div  class=\"fusion-layout-column fusion_builder_column fusion_builder_column_1_1 fusion-builder-column-3 fusion-one-full fusion-column-first fusion-column-last fusion-column-no-min-height 1_1\"  style='margin-top:0px;margin-bottom:0px;'>\n\t\t\t\t\t<div class=\"fusion-column-wrapper\" style=\"background-position:left top;background-repeat:no-repeat;-webkit-background-size:cover;-moz-background-size:cover;-o-background-size:cover;background-size:cover;\"   data-bg-url=\"\">\n\t\t\t\t\t\t<div class=\"fusion-title title fusion-title-1 fusion-title-size-four\" style=\"margin-top:0px;margin-bottom:31px;\"><h4 class=\"title-heading-left\" style=\"margin:0;\">RECHTLICHE HINWEISE<\/h4><div class=\"title-sep-container\"><div class=\"title-sep sep-double sep-solid\" style=\"border-color:#e0dede;\"><\/div><\/div><\/div><div class=\"fusion-text\"><p style=\"text-align: justify;\"><strong>I. Haftungsausschluss<\/strong><br \/>\nDie Inhalte unserer Seiten wurden mit gr\u00f6\u00dfter Sorgfalt erstellt. F\u00fcr Richtigkeit, Vollst\u00e4ndigkeit und Aktualit\u00e4t der Inhalte wird jedoch keine Gew\u00e4hr \u00fcbernommen. F\u00fcr eigene Inhalte bestimmt sich die Verantwortlichkeit nach \u00a7 7 Abs.1 TMG; f\u00fcr \u00fcbermittelte oder gespeicherte Informationen nach \u00a7\u00a7 8 bis 10 TMG. Die Pflicht zur Entfernung oder Sperrung der Nutzung von Informationen bestimmt sich nach den allgemeinen Gesetzen. Eine diesbez\u00fcgliche Haftung ist jedoch erst ab dem Zeitpunkt der Kenntnis einer konkreten Rechtsverletzung m\u00f6glich. Sodann werden rechtswidrige Inhalte umgehend entfernt. Sollten Dritte wider erwartend in berechtigten Interessen beeintr\u00e4chtigt werden, gesch\u00e4he dies ohne Vorsatz. Ein substantiierter Hinweis per Mail an\u00a0<a class=\"mailto\" href=\"mailto:info@alitania.de\">info@alitania.de<\/a>\u00a0Diese E-Mail Adresse ist gegen Spam-Bots gesch\u00fctzt, Sie m\u00fcssen Javascript aktivieren, damit Sie es sehen k\u00f6nnen reicht in einem solchen Fall aus, damit wir unverz\u00fcglich technisch m\u00f6gliche sowie zumutbare Abhilfe leisten.<\/p>\n<p style=\"text-align: justify;\">Unser Angebot enth\u00e4lt Links zu externen Webseiten. Diese Links werden mit gr\u00f6\u00dftm\u00f6glicher Sorgfalt recherchiert und zusammengestellt. Einfluss auf die aktuelle und zuk\u00fcnftige Gestaltung und\/oder Inhalte der verlinkten Seiten kann jedoch nicht genommen werden. Daher scheidet eine Verantwortlichkeit f\u00fcr den Inhalt der verkn\u00fcpften Seiten aus. F\u00fcr illegale, fehlerhafte oder unvollst\u00e4ndige Inhalte sowie f\u00fcr Sch\u00e4den, die durch die Nutzung oder Nichtnutzung der Informationen entstehen, haftet allein der jeweilige Anbieter der Seiten, auf die verwiesen wurde. Die Haftung desjenigen, der lediglich auf die Ver\u00f6ffentlichung durch einen Link hinweist, ist ausgeschlossen. F\u00fcr fremde Hinweise kann im \u00dcbrigen allenfalls dann eine Verantwortung bestehen, wenn wir davon, d.h. auch von einem eventuellen rechtswidrigen bzw. strafbaren Inhalt, positive Kenntnis haben und es technisch m\u00f6glich und zumutbar ist, deren Nutzung zu verhindern. Sollten Sie bei externen Links auf Inhalte oder Gestaltungen treffen, die Anlass zur Beanstandung geben oder die angegebene Adresse unter dem hier angegebenen Link nicht erreichen k\u00f6nnen, informieren Sie uns bitte per Mail.<\/p>\n<p style=\"text-align: justify;\"><strong>II. Copyright<\/strong><br \/>\nDie Inhalte unseres Angebotes unterliegen dem deutschen Urheberrecht. Die Vervielf\u00e4ltigung, Bearbeitung, Verbreitung und jede Art der Verwertung au\u00dferhalb der Grenzen des Urheberrechtes bed\u00fcrfen der schriftlichen Zustimmung. Downloads und Kopien sind f\u00fcr den privaten, nicht kommerziellen Gebrauch gestattet. Verkn\u00fcpfungen zu unseren Seiten k\u00f6nnen eingerichtet werden. Ein Widerspruch bleibt vorbehalten. Bei Verlinkung von kommerziellen Anbietern muss unsere Seite der einzige Bestandteil des sich \u00f6ffnenden Fensters sein; die Informationen d\u00fcrfen nicht ver\u00e4ndert oder verf\u00e4lscht werden. Bei Inhalten auf\u00a0<a title=\"www.alitania.de\" href=\"http:\/\/www.alitania.de\/\">www.alitania.de<\/a>, die nicht von uns erstellt wurden, wurden die jeweiligen Urheberrechte Dritter beachtet und die Inhalte entsprechend gekennzeichnet. Sollten Sie trotzdem auf eine Urheberrechtsverletzung aufmerksam werden, bitten wir um einen entsprechenden Hinweis und sichern umgehende Abhilfe zu.<\/p>\n<p style=\"text-align: justify;\"><strong>III. Datenschutz<\/strong><br \/>\nDie Nutzung unserer Webseiten ist in der Regel ohne Angabe personenbezogener Daten m\u00f6glich. Lediglich sog. log files Informationen werden automatisch gespeichert, die Ihr Browser \u00fcbermittelt: Browsertyp und Version. Betriebssystem. IP Adresse und Uhrzeit der Serveranfrage. Diese Angaben sind nicht bestimmten Personen zuzuordnen und werden nach statistischer Auswertung gel\u00f6scht. Soweit auf unseren Seiten personenbezogene Daten etwa zur Kontaktaufnahme erhoben werden, erfolgt dies grunds\u00e4tzlich auf freiwilliger Basis. Diese Daten werden ohne Ihre ausdr\u00fcckliche Zustimmung nicht an Dritte weitergegeben. (Ausnahme: Gesetzliche Verpflichtungen z.B. gegen\u00fcber Strafverfolgungsbeh\u00f6rden) Sie haben jederzeit das Recht der Auskunft \u00fcber die bez\u00fcglich ihrer Person gespeicherten Daten. Sollten Sie dieses Recht wahrnehmen wollen, senden Sie bitte eine entsprechende Mail an\u00a0<a class=\"mailto\" href=\"mailto:info@alitania.de\">info@alitania.de<\/a>.<\/p>\n<p style=\"text-align: justify;\">Trotz aller Sorgfalt kann die Daten\u00fcbertragung im Internet Sicherheitsl\u00fccken aufweisen kann. Ein l\u00fcckenloser Schutz der Daten vor dem Zugriff durch Dritte ist nicht m\u00f6glich. Soweit Sie mit uns per E-Mail korrespondieren wollen, ist Ihnen bewusst, dass E-Mails nur bedingt sicher sind und lediglich bei Anwendung entsprechender Verschl\u00fcsselungsprogramme die Vertraulichkeit sicher gestellt werden kann. Durch die \u00dcbersendung von E-Mails best\u00e4tigen Sie, diese Risiken zu kennen.<\/p>\n<p style=\"text-align: justify;\">Der Nutzung der im Rahmen der Impressumspflicht ver\u00f6ffentlichten Kontaktdaten zur \u00dcbersendung von nicht ausdr\u00fccklich angeforderter Werbung und Informationsmaterialien wird hiermit ausdr\u00fccklich widersprochen. Rechtliche Schritte im Falle der unverlangten Zusendung von Werbeinformationen (insbesondere Spam), bleiben ausdr\u00fccklich vorbehalten<\/p>\n<\/div><div class=\"fusion-clearfix\"><\/div>\n\n\t\t\t\t\t<\/div>\n\t\t\t\t<\/div><\/div><\/div>\n","protected":false},"excerpt":{"rendered":"","protected":false},"author":1,"featured_media":0,"parent":92,"menu_order":0,"comment_status":"closed","ping_status":"closed","template":"","meta":{"footnotes":""},"yoast_head":"<!-- This site is optimized with the Yoast SEO plugin v15.8 - https:\/\/yoast.com\/wordpress\/plugins\/seo\/ -->\n<title>Impressum - Alitania - Wir geben Ihnen ein Zuhause in Berlin<\/title>\n<meta name=\"robots\" content=\"index, follow, max-snippet:-1, max-image-preview:large, max-video-preview:-1\" \/>\n<link rel=\"canonical\" href=\"http:\/\/www.alitania.de\/ru\/kontakt\/impressum\/\" \/>\n<meta property=\"og:locale\" content=\"ru_RU\" \/>\n<meta property=\"og:type\" content=\"article\" \/>\n<meta property=\"og:title\" content=\"Impressum - Alitania - Wir geben Ihnen ein Zuhause in Berlin\" \/>\n<meta property=\"og:url\" content=\"http:\/\/www.alitania.de\/ru\/kontakt\/impressum\/\" \/>\n<meta property=\"og:site_name\" content=\"Alitania - Wir geben Ihnen ein Zuhause in Berlin\" \/>\n<meta property=\"article:modified_time\" content=\"2024-04-11T17:51:40+00:00\" \/>\n<meta name=\"twitter:card\" content=\"summary\" \/>\n<meta name=\"twitter:label1\" content=\"\u041f\u0440\u0438\u043c\u0435\u0440\u043d\u043e\u0435 \u0432\u0440\u0435\u043c\u044f \u0434\u043b\u044f \u0447\u0442\u0435\u043d\u0438\u044f\">\n\t<meta name=\"twitter:data1\" content=\"4 \u043c\u0438\u043d\u0443\u0442\u044b\">\n<script type=\"application\/ld+json\" class=\"yoast-schema-graph\">{\"@context\":\"https:\/\/schema.org\",\"@graph\":[{\"@type\":\"WebSite\",\"@id\":\"http:\/\/www.alitania.de\/ru\/#website\",\"url\":\"http:\/\/www.alitania.de\/ru\/\",\"name\":\"Alitania - Wir geben Ihnen ein Zuhause in Berlin\",\"description\":\"Furnished Apartments in Berlin\",\"potentialAction\":[{\"@type\":\"SearchAction\",\"target\":\"http:\/\/www.alitania.de\/ru\/?s={search_term_string}\",\"query-input\":\"required name=search_term_string\"}],\"inLanguage\":\"ru-RU\"},{\"@type\":\"WebPage\",\"@id\":\"http:\/\/www.alitania.de\/ru\/kontakt\/impressum\/#webpage\",\"url\":\"http:\/\/www.alitania.de\/ru\/kontakt\/impressum\/\",\"name\":\"Impressum - Alitania - Wir geben Ihnen ein Zuhause in Berlin\",\"isPartOf\":{\"@id\":\"http:\/\/www.alitania.de\/ru\/#website\"},\"datePublished\":\"2015-10-25T00:14:11+00:00\",\"dateModified\":\"2024-04-11T17:51:40+00:00\",\"breadcrumb\":{\"@id\":\"http:\/\/www.alitania.de\/ru\/kontakt\/impressum\/#breadcrumb\"},\"inLanguage\":\"ru-RU\",\"potentialAction\":[{\"@type\":\"ReadAction\",\"target\":[\"http:\/\/www.alitania.de\/ru\/kontakt\/impressum\/\"]}]},{\"@type\":\"BreadcrumbList\",\"@id\":\"http:\/\/www.alitania.de\/ru\/kontakt\/impressum\/#breadcrumb\",\"itemListElement\":[{\"@type\":\"ListItem\",\"position\":1,\"item\":{\"@type\":\"WebPage\",\"@id\":\"http:\/\/www.alitania.de\/ru\/\",\"url\":\"http:\/\/www.alitania.de\/ru\/\",\"name\":\"Startseite\"}},{\"@type\":\"ListItem\",\"position\":2,\"item\":{\"@type\":\"WebPage\",\"@id\":\"http:\/\/www.alitania.de\/ru\/kontakt\/\",\"url\":\"http:\/\/www.alitania.de\/ru\/kontakt\/\",\"name\":\"Kontakt\"}},{\"@type\":\"ListItem\",\"position\":3,\"item\":{\"@type\":\"WebPage\",\"@id\":\"http:\/\/www.alitania.de\/ru\/kontakt\/impressum\/\",\"url\":\"http:\/\/www.alitania.de\/ru\/kontakt\/impressum\/\",\"name\":\"Impressum\"}}]}]}<\/script>\n<!-- \/ Yoast SEO plugin. -->","_links":{"self":[{"href":"http:\/\/www.alitania.de\/ru\/wp-json\/wp\/v2\/pages\/290"}],"collection":[{"href":"http:\/\/www.alitania.de\/ru\/wp-json\/wp\/v2\/pages"}],"about":[{"href":"http:\/\/www.alitania.de\/ru\/wp-json\/wp\/v2\/types\/page"}],"author":[{"embeddable":true,"href":"http:\/\/www.alitania.de\/ru\/wp-json\/wp\/v2\/users\/1"}],"replies":[{"embeddable":true,"href":"http:\/\/www.alitania.de\/ru\/wp-json\/wp\/v2\/comments?post=290"}],"version-history":[{"count":16,"href":"http:\/\/www.alitania.de\/ru\/wp-json\/wp\/v2\/pages\/290\/revisions"}],"predecessor-version":[{"id":976,"href":"http:\/\/www.alitania.de\/ru\/wp-json\/wp\/v2\/pages\/290\/revisions\/976"}],"up":[{"embeddable":true,"href":"http:\/\/www.alitania.de\/ru\/wp-json\/wp\/v2\/pages\/92"}],"wp:attachment":[{"href":"http:\/\/www.alitania.de\/ru\/wp-json\/wp\/v2\/media?parent=290"}],"curies":[{"name":"wp","href":"https:\/\/api.w.org\/{rel}","templated":true}]}}